{"id":14,"date":"2025-11-07T09:38:37","date_gmt":"2025-11-07T09:38:37","guid":{"rendered":"https:\/\/peluqueriaretokes.rkinformatika.online\/?page_id=14"},"modified":"2025-11-13T16:52:05","modified_gmt":"2025-11-13T16:52:05","slug":"inicio","status":"publish","type":"page","link":"https:\/\/peluqueriaretokes.com\/eu\/","title":{"rendered":"Hasiera"},"content":{"rendered":"<div data-elementor-type=\"wp-page\" data-elementor-id=\"14\" class=\"elementor elementor-14\" data-elementor-post-type=\"page\">\n\t\t\t\t\t\t<section class=\"elementor-section elementor-top-section elementor-element elementor-element-edddbc5 elementor-section-height-min-height elementor-section-boxed elementor-section-height-default elementor-section-items-middle\" data-id=\"edddbc5\" data-element_type=\"section\" data-e-type=\"section\" data-settings=\"{&quot;background_background&quot;:&quot;classic&quot;}\">\n\t\t\t\t\t\t\t<div class=\"elementor-background-overlay\"><\/div>\n\t\t\t\t\t\t\t<div class=\"elementor-container elementor-column-gap-no\">\n\t\t\t\t\t<div class=\"elementor-column elementor-col-100 elementor-top-column elementor-element elementor-element-2ed8056\" data-id=\"2ed8056\" data-element_type=\"column\" data-e-type=\"column\">\n\t\t\t<div class=\"elementor-widget-wrap elementor-element-populated\">\n\t\t\t\t\t\t<div class=\"elementor-element elementor-element-c766740 elementor-invisible elementor-widget elementor-widget-heading\" data-id=\"c766740\" data-element_type=\"widget\" data-e-type=\"widget\" data-settings=\"{&quot;_animation&quot;:&quot;zoomIn&quot;}\" data-widget_type=\"heading.default\">\n\t\t\t\t\t<h2 class=\"elementor-heading-title elementor-size-default\">Ongi etorri Retokes Edertasun Aretora.<\/h2>\t\t\t\t<\/div>\n\t\t\t\t\t<\/div>\n\t\t<\/div>\n\t\t\t\t\t<\/div>\n\t\t<\/section>\n\t\t\t\t<section class=\"elementor-section elementor-top-section elementor-element elementor-element-c48eef5 elementor-section-content-middle elementor-section-boxed elementor-section-height-default elementor-section-height-default\" data-id=\"c48eef5\" data-element_type=\"section\" data-e-type=\"section\" data-settings=\"{&quot;background_background&quot;:&quot;classic&quot;}\">\n\t\t\t\t\t\t<div class=\"elementor-container elementor-column-gap-no\">\n\t\t\t\t\t<div class=\"elementor-column elementor-col-50 elementor-top-column elementor-element elementor-element-b5d8730 elementor-invisible\" data-id=\"b5d8730\" data-element_type=\"column\" data-e-type=\"column\" data-settings=\"{&quot;animation&quot;:&quot;fadeInLeft&quot;,&quot;animation_delay&quot;:300}\">\n\t\t\t<div class=\"elementor-widget-wrap elementor-element-populated\">\n\t\t\t\t\t\t<div class=\"elementor-element elementor-element-0e445ea elementor-widget elementor-widget-image-carousel\" data-id=\"0e445ea\" data-element_type=\"widget\" data-e-type=\"widget\" data-settings=\"{&quot;slides_to_show&quot;:&quot;1&quot;,&quot;navigation&quot;:&quot;none&quot;,&quot;autoplay&quot;:&quot;yes&quot;,&quot;pause_on_hover&quot;:&quot;yes&quot;,&quot;pause_on_interaction&quot;:&quot;yes&quot;,&quot;autoplay_speed&quot;:5000,&quot;infinite&quot;:&quot;yes&quot;,&quot;effect&quot;:&quot;slide&quot;,&quot;speed&quot;:500}\" data-widget_type=\"image-carousel.default\">\n\t\t\t\t\t\t\t<div class=\"elementor-image-carousel-wrapper swiper\" role=\"region\" aria-roledescription=\"carousel\" aria-label=\"Carrusel de im\u00e1genes\" dir=\"ltr\">\n\t\t\t<div class=\"elementor-image-carousel swiper-wrapper\" aria-live=\"off\">\n\t\t\t\t\t\t\t\t<div class=\"swiper-slide\" role=\"group\" aria-roledescription=\"slide\" aria-label=\"1 of 4\" data-no-translation-aria-label=\"\"><figure class=\"swiper-slide-inner\"><img decoding=\"async\" class=\"swiper-slide-image\" src=\"https:\/\/peluqueriaretokes.com\/wp-content\/uploads\/elementor\/thumbs\/WhatsApp-Image-2025-11-10-at-09.30.08-rehvrpm086ptirgsp7l9lprc06pa1gzuumhw5tqh0m.jpeg\" alt=\"WhatsApp Image 2025-11-10 at 09.30.08\" \/><\/figure><\/div><div class=\"swiper-slide\" role=\"group\" aria-roledescription=\"slide\" aria-label=\"2 of 4\" data-no-translation-aria-label=\"\"><figure class=\"swiper-slide-inner\"><img decoding=\"async\" class=\"swiper-slide-image\" src=\"https:\/\/peluqueriaretokes.com\/wp-content\/uploads\/elementor\/thumbs\/WhatsApp-Image-2025-11-11-at-13.09.24-rejue880id8brcbh6q78kmbthwyjnrm1ewyl79x4fa.jpeg\" alt=\"WhatsApp Image 2025-11-11 at 13.09.24\" \/><\/figure><\/div><div class=\"swiper-slide\" role=\"group\" aria-roledescription=\"slide\" aria-label=\"3 of 4\" data-no-translation-aria-label=\"\"><figure class=\"swiper-slide-inner\"><img decoding=\"async\" class=\"swiper-slide-image\" src=\"https:\/\/peluqueriaretokes.com\/wp-content\/uploads\/elementor\/thumbs\/WhatsApp-Image-2025-11-11-at-13.09.24-1-rejueb1j2vc6q67dq9f4a3m7a2knaux8fax1n3sxwm.jpeg\" alt=\"WhatsApp Image 2025-11-11 at 13.09.24 (1)\" \/><\/figure><\/div><div class=\"swiper-slide\" role=\"group\" aria-roledescription=\"slide\" aria-label=\"4 of 4\" data-no-translation-aria-label=\"\"><figure class=\"swiper-slide-inner\"><img decoding=\"async\" class=\"swiper-slide-image\" src=\"https:\/\/peluqueriaretokes.com\/wp-content\/uploads\/elementor\/thumbs\/WhatsApp-Image-2025-11-10-at-09.29.15-rehvrnqbuin8vjjj06s0gq8eteyjm2se6d6x79t9d2.jpeg\" alt=\"WhatsApp Image 2025-11-10 at 09.29.15\" \/><\/figure><\/div>\t\t\t<\/div>\n\t\t\t\t\t\t\t\n\t\t\t\t\t\t\t\t\t<\/div>\n\t\t\t\t\t\t<\/div>\n\t\t\t\t\t<\/div>\n\t\t<\/div>\n\t\t\t\t<div class=\"elementor-column elementor-col-50 elementor-top-column elementor-element elementor-element-567de97\" data-id=\"567de97\" data-element_type=\"column\" data-e-type=\"column\">\n\t\t\t<div class=\"elementor-widget-wrap elementor-element-populated\">\n\t\t\t\t\t\t<section class=\"elementor-section elementor-inner-section elementor-element elementor-element-eecbc3c elementor-section-boxed elementor-section-height-default elementor-section-height-default\" data-id=\"eecbc3c\" data-element_type=\"section\" data-e-type=\"section\" data-settings=\"{&quot;background_background&quot;:&quot;classic&quot;}\">\n\t\t\t\t\t\t\t<div class=\"elementor-background-overlay\"><\/div>\n\t\t\t\t\t\t\t<div class=\"elementor-container elementor-column-gap-no\">\n\t\t\t\t\t<div class=\"elementor-column elementor-col-100 elementor-inner-column elementor-element elementor-element-b3ad7a1 elementor-invisible\" data-id=\"b3ad7a1\" data-element_type=\"column\" data-e-type=\"column\" data-settings=\"{&quot;background_background&quot;:&quot;classic&quot;,&quot;animation&quot;:&quot;fadeInRight&quot;}\">\n\t\t\t<div class=\"elementor-widget-wrap elementor-element-populated\">\n\t\t\t\t\t\t<div class=\"elementor-element elementor-element-e959d16 elementor-widget-divider--view-line_text elementor-widget-divider--element-align-center elementor-widget elementor-widget-divider\" data-id=\"e959d16\" data-element_type=\"widget\" data-e-type=\"widget\" data-widget_type=\"divider.default\">\n\t\t\t\t\t\t\t<div class=\"elementor-divider\">\n\t\t\t<span class=\"elementor-divider-separator\">\n\t\t\t\t\t\t\t<span class=\"elementor-divider__text elementor-divider__element\">\n\t\t\t\tNire buruz\t\t\t\t<\/span>\n\t\t\t\t\t\t<\/span>\n\t\t<\/div>\n\t\t\t\t\t\t<\/div>\n\t\t\t\t<div class=\"elementor-element elementor-element-138e982 elementor-widget elementor-widget-text-editor\" data-id=\"138e982\" data-element_type=\"widget\" data-e-type=\"widget\" data-widget_type=\"text-editor.default\">\n\t\t\t\t\t\t\t\t\t<div class=\"flex-shrink-0 flex flex-col relative items-end\"><div class=\"pt-0\"><div class=\"gizmo-bot-avatar flex h-8 w-8 items-center justify-center overflow-hidden rounded-full\"><p>Gazte-gaztetatik ile-apaindegiaren mundua gustatu zait. Graduatua amaitzean, argi izan nuen: nire lanbide heziketa egin nuen (5 urte) eta amaitzean beste hobekuntza urte bat egin nuen. 25 urte inguru daramatzat sektorean.<\/p><p>Edertasunarekiko eta irudi pertsonalarekiko dudan grinak bezeroaren ongizatearen alde lan egitea eragiten du. 2014az geroztik, Retokes Edertasun Aretoaren arduraduna naiz, eta kalitatezko zerbitzuak eta aholkularitza pertsonalizatua eskaintzen ditut, nire bezeroekiko hurbileko tratua eta konfiantzazko tratua edukita.<\/p><p>Hainbat ikastaro mota egin ditut eta egiten jarraitzen dut etengabeko prestakuntzan egoteko. Nire onena ematen ere ahalegintzen naiz, bai profesional gisa, bai pertsona gisa, zerbitzu pertsonalizatuak emanez, nire lehentasuna ilea zaintzea izanik.<\/p><p>Nire egongelako bisita feedback batekin hasten da, bezeroarekin, haren beharrak entzuteko, eta haren erosotasuna bilatzen da, sarreratik irteerara ondo senti dadin.<\/p><\/div><\/div><\/div>\t\t\t\t\t\t\t\t<\/div>\n\t\t\t\t<div class=\"elementor-element elementor-element-8fe670e elementor-align-center elementor-widget elementor-widget-button\" data-id=\"8fe670e\" data-element_type=\"widget\" data-e-type=\"widget\" data-widget_type=\"button.default\">\n\t\t\t\t\t\t\t\t\t\t<a class=\"elementor-button elementor-button-link elementor-size-sm elementor-animation-float\" href=\"https:\/\/peluqueriaretokes.com\/eu\/contacto\/\">\n\t\t\t\t\t\t<span class=\"elementor-button-content-wrapper\">\n\t\t\t\t\t\t\t\t\t<span class=\"elementor-button-text\">Gehiago jakin<\/span>\n\t\t\t\t\t<\/span>\n\t\t\t\t\t<\/a>\n\t\t\t\t\t\t\t\t<\/div>\n\t\t\t\t\t<\/div>\n\t\t<\/div>\n\t\t\t\t\t<\/div>\n\t\t<\/section>\n\t\t\t\t\t<\/div>\n\t\t<\/div>\n\t\t\t\t\t<\/div>\n\t\t<\/section>\n\t\t\t\t<section class=\"elementor-section elementor-top-section elementor-element elementor-element-1c0fc91 elementor-section-boxed elementor-section-height-default elementor-section-height-default\" data-id=\"1c0fc91\" data-element_type=\"section\" data-e-type=\"section\" data-settings=\"{&quot;background_background&quot;:&quot;classic&quot;}\">\n\t\t\t\t\t\t\t<div class=\"elementor-background-overlay\"><\/div>\n\t\t\t\t\t\t\t<div class=\"elementor-container elementor-column-gap-no\">\n\t\t\t\t\t<div class=\"elementor-column elementor-col-100 elementor-top-column elementor-element elementor-element-f9870aa\" data-id=\"f9870aa\" data-element_type=\"column\" data-e-type=\"column\" data-settings=\"{&quot;background_background&quot;:&quot;classic&quot;}\">\n\t\t\t<div class=\"elementor-widget-wrap elementor-element-populated\">\n\t\t\t\t\t\t<div class=\"elementor-element elementor-element-8effd2d elementor-invisible elementor-widget elementor-widget-heading\" data-id=\"8effd2d\" data-element_type=\"widget\" data-e-type=\"widget\" data-settings=\"{&quot;_animation&quot;:&quot;zoomIn&quot;}\" data-widget_type=\"heading.default\">\n\t\t\t\t\t<h2 class=\"elementor-heading-title elementor-size-default\">Retokes Edertasun Aretoa, edertasun kapilarra eta irudi pertsonala garrantzitsuena diren espazioa da, ongizate eta esker on sentsazioarekin batera.<\/h2>\t\t\t\t<\/div>\n\t\t\t\t<div class=\"elementor-element elementor-element-407d828 elementor-widget elementor-widget-text-editor\" data-id=\"407d828\" data-element_type=\"widget\" data-e-type=\"widget\" data-widget_type=\"text-editor.default\">\n\t\t\t\t\t\t\t\t\t<p>Harremanetan jar zaitezke nirekin:<\/p>\t\t\t\t\t\t\t\t<\/div>\n\t\t\t\t<div class=\"elementor-element elementor-element-cdd8fa0 elementor-align-center elementor-widget__width-initial elementor-widget elementor-widget-button\" data-id=\"cdd8fa0\" data-element_type=\"widget\" data-e-type=\"widget\" data-widget_type=\"button.default\">\n\t\t\t\t\t\t\t\t\t\t<a class=\"elementor-button elementor-button-link elementor-size-sm elementor-animation-float\" href=\"https:\/\/wa.me\/+34747416998\" target=\"_blank\">\n\t\t\t\t\t\t<span class=\"elementor-button-content-wrapper\">\n\t\t\t\t\t\t\t\t\t<span class=\"elementor-button-text\">Whatsapp<\/span>\n\t\t\t\t\t<\/span>\n\t\t\t\t\t<\/a>\n\t\t\t\t\t\t\t\t<\/div>\n\t\t\t\t<div class=\"elementor-element elementor-element-7861ec7 elementor-align-center elementor-widget__width-initial elementor-widget elementor-widget-button\" data-id=\"7861ec7\" data-element_type=\"widget\" data-e-type=\"widget\" data-widget_type=\"button.default\">\n\t\t\t\t\t\t\t\t\t\t<a class=\"elementor-button elementor-button-link elementor-size-sm elementor-animation-float\" href=\"tel:%20+34747416998\" target=\"_blank\">\n\t\t\t\t\t\t<span class=\"elementor-button-content-wrapper\">\n\t\t\t\t\t\t\t\t\t<span class=\"elementor-button-text\">Deia<\/span>\n\t\t\t\t\t<\/span>\n\t\t\t\t\t<\/a>\n\t\t\t\t\t\t\t\t<\/div>\n\t\t\t\t<div class=\"elementor-element elementor-element-fa679c8 elementor-align-center elementor-widget__width-initial elementor-widget elementor-widget-button\" data-id=\"fa679c8\" data-element_type=\"widget\" data-e-type=\"widget\" data-widget_type=\"button.default\">\n\t\t\t\t\t\t\t\t\t\t<a class=\"elementor-button elementor-button-link elementor-size-sm elementor-animation-float\" href=\"https:\/\/www.instagram.com\/pelu.queriaretokes\/\" target=\"_blank\">\n\t\t\t\t\t\t<span class=\"elementor-button-content-wrapper\">\n\t\t\t\t\t\t\t\t\t<span class=\"elementor-button-text\">instagram<\/span>\n\t\t\t\t\t<\/span>\n\t\t\t\t\t<\/a>\n\t\t\t\t\t\t\t\t<\/div>\n\t\t\t\t\t<\/div>\n\t\t<\/div>\n\t\t\t\t\t<\/div>\n\t\t<\/section>\n\t\t\t\t<\/div>","protected":false},"excerpt":{"rendered":"<p>Os doy la bienvenida a Sal\u00f3n de Belleza Retokes. SOBRE M\u00cd Desde muy joven me ha gustado el mundo de la peluquer\u00eda. Al acabar el graduado, lo tuve claro: hice mi formaci\u00f3n profesional (5 a\u00f1os) y al acabar realic\u00e9 otro a\u00f1o de perfeccionamiento. Llevo unos 25 a\u00f1os en el sector. Mi pasi\u00f3n por la belleza [&hellip;]<\/p>\n","protected":false},"author":1,"featured_media":0,"parent":0,"menu_order":0,"comment_status":"closed","ping_status":"closed","template":"elementor_canvas","meta":{"footnotes":""},"class_list":["post-14","page","type-page","status-publish","hentry"],"yoast_head":"<!-- This site is optimized with the Yoast SEO plugin v27.3 - https:\/\/yoast.com\/product\/yoast-seo-wordpress\/ -->\n<title>Inicio - Peluquer\u00eda Retokes<\/title>\n<meta name=\"robots\" content=\"index, follow, max-snippet:-1, max-image-preview:large, max-video-preview:-1\" \/>\n<link rel=\"canonical\" href=\"https:\/\/peluqueriaretokes.com\/eu\/\" \/>\n<meta property=\"og:locale\" content=\"en_US\" \/>\n<meta property=\"og:type\" content=\"article\" \/>\n<meta property=\"og:title\" content=\"Inicio - Peluquer\u00eda Retokes\" \/>\n<meta property=\"og:description\" content=\"Os doy la bienvenida a Sal\u00f3n de Belleza Retokes. SOBRE M\u00cd Desde muy joven me ha gustado el mundo de la peluquer\u00eda. Al acabar el graduado, lo tuve claro: hice mi formaci\u00f3n profesional (5 a\u00f1os) y al acabar realic\u00e9 otro a\u00f1o de perfeccionamiento. Llevo unos 25 a\u00f1os en el sector. Mi pasi\u00f3n por la belleza [&hellip;]\" \/>\n<meta property=\"og:url\" content=\"https:\/\/peluqueriaretokes.com\/eu\/\" \/>\n<meta property=\"og:site_name\" content=\"Peluquer\u00eda Retokes\" \/>\n<meta property=\"article:modified_time\" content=\"2025-11-13T16:52:05+00:00\" \/>\n<meta property=\"og:image\" content=\"https:\/\/peluqueriaretokes.com\/wp-content\/uploads\/elementor\/thumbs\/WhatsApp-Image-2025-11-10-at-09.30.08-rehvrpm086ptirgsp7l9lprc06pa1gzuumhw5tqh0m.jpeg\" \/>\n<meta name=\"twitter:card\" content=\"summary_large_image\" \/>\n<meta name=\"twitter:label1\" content=\"Est. reading time\" \/>\n\t<meta name=\"twitter:data1\" content=\"3 minutua\" \/>\n<script type=\"application\/ld+json\" class=\"yoast-schema-graph\">{\"@context\":\"https:\\\/\\\/schema.org\",\"@graph\":[{\"@type\":\"WebPage\",\"@id\":\"https:\\\/\\\/peluqueriaretokes.com\\\/\",\"url\":\"https:\\\/\\\/peluqueriaretokes.com\\\/\",\"name\":\"Inicio - Peluquer\u00eda Retokes\",\"isPartOf\":{\"@id\":\"https:\\\/\\\/peluqueriaretokes.com\\\/#website\"},\"primaryImageOfPage\":{\"@id\":\"https:\\\/\\\/peluqueriaretokes.com\\\/#primaryimage\"},\"image\":{\"@id\":\"https:\\\/\\\/peluqueriaretokes.com\\\/#primaryimage\"},\"thumbnailUrl\":\"https:\\\/\\\/peluqueriaretokes.com\\\/wp-content\\\/uploads\\\/elementor\\\/thumbs\\\/WhatsApp-Image-2025-11-10-at-09.30.08-rehvrpm086ptirgsp7l9lprc06pa1gzuumhw5tqh0m.jpeg\",\"datePublished\":\"2025-11-07T09:38:37+00:00\",\"dateModified\":\"2025-11-13T16:52:05+00:00\",\"breadcrumb\":{\"@id\":\"https:\\\/\\\/peluqueriaretokes.com\\\/#breadcrumb\"},\"inLanguage\":\"eu\",\"potentialAction\":[{\"@type\":\"ReadAction\",\"target\":[\"https:\\\/\\\/peluqueriaretokes.com\\\/\"]}]},{\"@type\":\"ImageObject\",\"inLanguage\":\"eu\",\"@id\":\"https:\\\/\\\/peluqueriaretokes.com\\\/#primaryimage\",\"url\":\"https:\\\/\\\/peluqueriaretokes.com\\\/wp-content\\\/uploads\\\/elementor\\\/thumbs\\\/WhatsApp-Image-2025-11-10-at-09.30.08-rehvrpm086ptirgsp7l9lprc06pa1gzuumhw5tqh0m.jpeg\",\"contentUrl\":\"https:\\\/\\\/peluqueriaretokes.com\\\/wp-content\\\/uploads\\\/elementor\\\/thumbs\\\/WhatsApp-Image-2025-11-10-at-09.30.08-rehvrpm086ptirgsp7l9lprc06pa1gzuumhw5tqh0m.jpeg\"},{\"@type\":\"BreadcrumbList\",\"@id\":\"https:\\\/\\\/peluqueriaretokes.com\\\/#breadcrumb\",\"itemListElement\":[{\"@type\":\"ListItem\",\"position\":1,\"name\":\"Portada\",\"item\":\"https:\\\/\\\/peluqueriaretokes.com\\\/\"},{\"@type\":\"ListItem\",\"position\":2,\"name\":\"Inicio\"}]},{\"@type\":\"WebSite\",\"@id\":\"https:\\\/\\\/peluqueriaretokes.com\\\/#website\",\"url\":\"https:\\\/\\\/peluqueriaretokes.com\\\/\",\"name\":\"Peluquer\u00eda Retokes\",\"description\":\"\",\"publisher\":{\"@id\":\"https:\\\/\\\/peluqueriaretokes.com\\\/#organization\"},\"potentialAction\":[{\"@type\":\"SearchAction\",\"target\":{\"@type\":\"EntryPoint\",\"urlTemplate\":\"https:\\\/\\\/peluqueriaretokes.com\\\/?s={search_term_string}\"},\"query-input\":{\"@type\":\"PropertyValueSpecification\",\"valueRequired\":true,\"valueName\":\"search_term_string\"}}],\"inLanguage\":\"eu\"},{\"@type\":\"Organization\",\"@id\":\"https:\\\/\\\/peluqueriaretokes.com\\\/#organization\",\"name\":\"Peluquer\u00eda Retokes\",\"url\":\"https:\\\/\\\/peluqueriaretokes.com\\\/\",\"logo\":{\"@type\":\"ImageObject\",\"inLanguage\":\"eu\",\"@id\":\"https:\\\/\\\/peluqueriaretokes.com\\\/#\\\/schema\\\/logo\\\/image\\\/\",\"url\":\"https:\\\/\\\/peluqueriaretokes.com\\\/wp-content\\\/uploads\\\/2025\\\/11\\\/cropped-peluqueriaretokes202506_logoarriba.jpg\",\"contentUrl\":\"https:\\\/\\\/peluqueriaretokes.com\\\/wp-content\\\/uploads\\\/2025\\\/11\\\/cropped-peluqueriaretokes202506_logoarriba.jpg\",\"width\":228,\"height\":222,\"caption\":\"Peluquer\u00eda Retokes\"},\"image\":{\"@id\":\"https:\\\/\\\/peluqueriaretokes.com\\\/#\\\/schema\\\/logo\\\/image\\\/\"}}]}<\/script>\n<!-- \/ Yoast SEO plugin. -->","yoast_head_json":{"title":"Inicio - Peluquer\u00eda Retokes","robots":{"index":"index","follow":"follow","max-snippet":"max-snippet:-1","max-image-preview":"max-image-preview:large","max-video-preview":"max-video-preview:-1"},"canonical":"https:\/\/peluqueriaretokes.com\/eu\/","og_locale":"en_US","og_type":"article","og_title":"Inicio - Peluquer\u00eda Retokes","og_description":"Os doy la bienvenida a Sal\u00f3n de Belleza Retokes. SOBRE M\u00cd Desde muy joven me ha gustado el mundo de la peluquer\u00eda. Al acabar el graduado, lo tuve claro: hice mi formaci\u00f3n profesional (5 a\u00f1os) y al acabar realic\u00e9 otro a\u00f1o de perfeccionamiento. Llevo unos 25 a\u00f1os en el sector. Mi pasi\u00f3n por la belleza [&hellip;]","og_url":"https:\/\/peluqueriaretokes.com\/eu\/","og_site_name":"Peluquer\u00eda Retokes","article_modified_time":"2025-11-13T16:52:05+00:00","og_image":[{"url":"https:\/\/peluqueriaretokes.com\/wp-content\/uploads\/elementor\/thumbs\/WhatsApp-Image-2025-11-10-at-09.30.08-rehvrpm086ptirgsp7l9lprc06pa1gzuumhw5tqh0m.jpeg","type":"","width":"","height":""}],"twitter_card":"summary_large_image","twitter_misc":{"Est. reading time":"3 minutua"},"schema":{"@context":"https:\/\/schema.org","@graph":[{"@type":"WebPage","@id":"https:\/\/peluqueriaretokes.com\/","url":"https:\/\/peluqueriaretokes.com\/","name":"Inicio - Peluquer\u00eda Retokes","isPartOf":{"@id":"https:\/\/peluqueriaretokes.com\/#website"},"primaryImageOfPage":{"@id":"https:\/\/peluqueriaretokes.com\/#primaryimage"},"image":{"@id":"https:\/\/peluqueriaretokes.com\/#primaryimage"},"thumbnailUrl":"https:\/\/peluqueriaretokes.com\/wp-content\/uploads\/elementor\/thumbs\/WhatsApp-Image-2025-11-10-at-09.30.08-rehvrpm086ptirgsp7l9lprc06pa1gzuumhw5tqh0m.jpeg","datePublished":"2025-11-07T09:38:37+00:00","dateModified":"2025-11-13T16:52:05+00:00","breadcrumb":{"@id":"https:\/\/peluqueriaretokes.com\/#breadcrumb"},"inLanguage":"eu","potentialAction":[{"@type":"ReadAction","target":["https:\/\/peluqueriaretokes.com\/"]}]},{"@type":"ImageObject","inLanguage":"eu","@id":"https:\/\/peluqueriaretokes.com\/#primaryimage","url":"https:\/\/peluqueriaretokes.com\/wp-content\/uploads\/elementor\/thumbs\/WhatsApp-Image-2025-11-10-at-09.30.08-rehvrpm086ptirgsp7l9lprc06pa1gzuumhw5tqh0m.jpeg","contentUrl":"https:\/\/peluqueriaretokes.com\/wp-content\/uploads\/elementor\/thumbs\/WhatsApp-Image-2025-11-10-at-09.30.08-rehvrpm086ptirgsp7l9lprc06pa1gzuumhw5tqh0m.jpeg"},{"@type":"BreadcrumbList","@id":"https:\/\/peluqueriaretokes.com\/#breadcrumb","itemListElement":[{"@type":"ListItem","position":1,"name":"Portada","item":"https:\/\/peluqueriaretokes.com\/"},{"@type":"ListItem","position":2,"name":"Inicio"}]},{"@type":"WebSite","@id":"https:\/\/peluqueriaretokes.com\/#website","url":"https:\/\/peluqueriaretokes.com\/","name":"Peluquer\u00eda Retokes","description":"","publisher":{"@id":"https:\/\/peluqueriaretokes.com\/#organization"},"potentialAction":[{"@type":"SearchAction","target":{"@type":"EntryPoint","urlTemplate":"https:\/\/peluqueriaretokes.com\/?s={search_term_string}"},"query-input":{"@type":"PropertyValueSpecification","valueRequired":true,"valueName":"search_term_string"}}],"inLanguage":"eu"},{"@type":"Organization","@id":"https:\/\/peluqueriaretokes.com\/#organization","name":"Peluquer\u00eda Retokes","url":"https:\/\/peluqueriaretokes.com\/","logo":{"@type":"ImageObject","inLanguage":"eu","@id":"https:\/\/peluqueriaretokes.com\/#\/schema\/logo\/image\/","url":"https:\/\/peluqueriaretokes.com\/wp-content\/uploads\/2025\/11\/cropped-peluqueriaretokes202506_logoarriba.jpg","contentUrl":"https:\/\/peluqueriaretokes.com\/wp-content\/uploads\/2025\/11\/cropped-peluqueriaretokes202506_logoarriba.jpg","width":228,"height":222,"caption":"Peluquer\u00eda Retokes"},"image":{"@id":"https:\/\/peluqueriaretokes.com\/#\/schema\/logo\/image\/"}}]}},"_links":{"self":[{"href":"https:\/\/peluqueriaretokes.com\/eu\/wp-json\/wp\/v2\/pages\/14","targetHints":{"allow":["GET"]}}],"collection":[{"href":"https:\/\/peluqueriaretokes.com\/eu\/wp-json\/wp\/v2\/pages"}],"about":[{"href":"https:\/\/peluqueriaretokes.com\/eu\/wp-json\/wp\/v2\/types\/page"}],"author":[{"embeddable":true,"href":"https:\/\/peluqueriaretokes.com\/eu\/wp-json\/wp\/v2\/users\/1"}],"replies":[{"embeddable":true,"href":"https:\/\/peluqueriaretokes.com\/eu\/wp-json\/wp\/v2\/comments?post=14"}],"version-history":[{"count":100,"href":"https:\/\/peluqueriaretokes.com\/eu\/wp-json\/wp\/v2\/pages\/14\/revisions"}],"predecessor-version":[{"id":431,"href":"https:\/\/peluqueriaretokes.com\/eu\/wp-json\/wp\/v2\/pages\/14\/revisions\/431"}],"wp:attachment":[{"href":"https:\/\/peluqueriaretokes.com\/eu\/wp-json\/wp\/v2\/media?parent=14"}],"curies":[{"name":"wp","href":"https:\/\/api.w.org\/{rel}","templated":true}]}}